{"id":84,"date":"2022-06-28T23:47:14","date_gmt":"2022-06-28T21:47:14","guid":{"rendered":"https:\/\/nauka.fundacjasmart.pl\/?page_id=84"},"modified":"2022-06-28T23:47:14","modified_gmt":"2022-06-28T21:47:14","slug":"home","status":"publish","type":"page","link":"https:\/\/nauka.fundacjasmart.pl\/en\/","title":{"rendered":"Home"},"content":{"rendered":"<div class=\"wpb-content-wrapper\"><p>[vc_row][vc_column][vc_column_text]<\/p>\n<h1>Project \u201eNever too late to learn&#8221;<\/h1>\n<p>The main goal of the project is to learn about new methods of working with adults, to involve people from various social, professional and age groups, including people with fewer opportunities who are at risk of social exclusion. The project will also contribute to raising the awareness of the importance of sustainable development by the teaching and non-teaching staff of the SMART Foundation, and to promoting and implementing pro-ecological activities.<\/p>\n<p><a class=\"read-more\" href=\"\/about-the-project\">Learn more<\/a>[\/vc_column_text][vc_empty_space height=&#8221;40px&#8221;][vc_separator color=&#8221;custom&#8221; accent_color=&#8221;#ff818f&#8221;][vc_empty_space height=&#8221;40px&#8221;][\/vc_column][\/vc_row][vc_row][vc_column][vc_column_text]<\/p>\n<h2>News<\/h2>\n<p>[\/vc_column_text][vc_empty_space height=&#8221;40px&#8221;][mnky_posts column_layout=&#8221;column-count-3&#8243; content_type=&#8221;excerpt&#8221; no_dublicate=&#8221;yes&#8221; posts_per_page=&#8221;3&#8243;][vc_empty_space height=&#8221;20px&#8221;][vc_column_text]<\/p>\n<p style=\"text-align: right;\"><a class=\"read-more\" href=\"\/news\/\">Check other news<\/a><\/p>\n<p>[\/vc_column_text][vc_empty_space height=&#8221;40px&#8221;][vc_separator color=&#8221;custom&#8221; accent_color=&#8221;#ff818f&#8221;][vc_empty_space height=&#8221;40px&#8221;][\/vc_column][\/vc_row]<\/p>\n<\/div>","protected":false},"excerpt":{"rendered":"<p>[vc_row][vc_column][vc_column_text] Project \u201eNever too late to learn&#8221; The main goal of the project is to learn about new methods of &hellip; <\/p>\n","protected":false},"author":1,"featured_media":0,"parent":0,"menu_order":0,"comment_status":"closed","ping_status":"closed","template":"page-left-sidebar.php","meta":{"footnotes":""},"class_list":["post-84","page","type-page","status-publish","hentry"],"yoast_head":"<!-- This site is optimized with the Yoast SEO plugin v26.6 - https:\/\/yoast.com\/wordpress\/plugins\/seo\/ -->\n<title>Home - Na nauk\u0119 nigdy za p\u00f3\u017ano<\/title>\n<meta name=\"robots\" content=\"index, follow, max-snippet:-1, max-image-preview:large, max-video-preview:-1\" \/>\n<link rel=\"canonical\" href=\"https:\/\/nauka.fundacjasmart.pl\/en\/home\/\" \/>\n<meta property=\"og:locale\" content=\"en_US\" \/>\n<meta property=\"og:type\" content=\"article\" \/>\n<meta property=\"og:title\" content=\"Home - Na nauk\u0119 nigdy za p\u00f3\u017ano\" \/>\n<meta property=\"og:description\" content=\"[vc_row][vc_column][vc_column_text] Project \u201eNever too late to learn&#8221; The main goal of the project is to learn about new methods of &hellip;\" \/>\n<meta property=\"og:url\" content=\"https:\/\/nauka.fundacjasmart.pl\/en\/home\/\" \/>\n<meta property=\"og:site_name\" content=\"Na nauk\u0119 nigdy za p\u00f3\u017ano\" \/>\n<meta name=\"twitter:card\" content=\"summary_large_image\" \/>\n<meta name=\"twitter:label1\" content=\"Est. reading time\" \/>\n\t<meta name=\"twitter:data1\" content=\"1 minute\" \/>\n<script type=\"application\/ld+json\" class=\"yoast-schema-graph\">{\"@context\":\"https:\/\/schema.org\",\"@graph\":[{\"@type\":\"WebPage\",\"@id\":\"https:\/\/nauka.fundacjasmart.pl\/en\/home\/\",\"url\":\"https:\/\/nauka.fundacjasmart.pl\/en\/home\/\",\"name\":\"Home - Na nauk\u0119 nigdy za p\u00f3\u017ano\",\"isPartOf\":{\"@id\":\"https:\/\/nauka.fundacjasmart.pl\/#website\"},\"datePublished\":\"2022-06-28T21:47:14+00:00\",\"breadcrumb\":{\"@id\":\"https:\/\/nauka.fundacjasmart.pl\/en\/home\/#breadcrumb\"},\"inLanguage\":\"en-US\",\"potentialAction\":[{\"@type\":\"ReadAction\",\"target\":[\"https:\/\/nauka.fundacjasmart.pl\/en\/home\/\"]}]},{\"@type\":\"BreadcrumbList\",\"@id\":\"https:\/\/nauka.fundacjasmart.pl\/en\/home\/#breadcrumb\",\"itemListElement\":[{\"@type\":\"ListItem\",\"position\":1,\"name\":\"Strona g\u0142\u00f3wna\",\"item\":\"https:\/\/nauka.fundacjasmart.pl\/en\/home\/\"},{\"@type\":\"ListItem\",\"position\":2,\"name\":\"Home\"}]},{\"@type\":\"WebSite\",\"@id\":\"https:\/\/nauka.fundacjasmart.pl\/#website\",\"url\":\"https:\/\/nauka.fundacjasmart.pl\/\",\"name\":\"Na nauk\u0119 nigdy za p\u00f3\u017ano\",\"description\":\"Kolejna witryna sieci &#8222;Fundacja Smart&#8221;\",\"potentialAction\":[{\"@type\":\"SearchAction\",\"target\":{\"@type\":\"EntryPoint\",\"urlTemplate\":\"https:\/\/nauka.fundacjasmart.pl\/?s={search_term_string}\"},\"query-input\":{\"@type\":\"PropertyValueSpecification\",\"valueRequired\":true,\"valueName\":\"search_term_string\"}}],\"inLanguage\":\"en-US\"}]}<\/script>\n<!-- \/ Yoast SEO plugin. -->","yoast_head_json":{"title":"Home - Na nauk\u0119 nigdy za p\u00f3\u017ano","robots":{"index":"index","follow":"follow","max-snippet":"max-snippet:-1","max-image-preview":"max-image-preview:large","max-video-preview":"max-video-preview:-1"},"canonical":"https:\/\/nauka.fundacjasmart.pl\/en\/home\/","og_locale":"en_US","og_type":"article","og_title":"Home - Na nauk\u0119 nigdy za p\u00f3\u017ano","og_description":"[vc_row][vc_column][vc_column_text] Project \u201eNever too late to learn&#8221; The main goal of the project is to learn about new methods of &hellip;","og_url":"https:\/\/nauka.fundacjasmart.pl\/en\/home\/","og_site_name":"Na nauk\u0119 nigdy za p\u00f3\u017ano","twitter_card":"summary_large_image","twitter_misc":{"Est. reading time":"1 minute"},"schema":{"@context":"https:\/\/schema.org","@graph":[{"@type":"WebPage","@id":"https:\/\/nauka.fundacjasmart.pl\/en\/home\/","url":"https:\/\/nauka.fundacjasmart.pl\/en\/home\/","name":"Home - Na nauk\u0119 nigdy za p\u00f3\u017ano","isPartOf":{"@id":"https:\/\/nauka.fundacjasmart.pl\/#website"},"datePublished":"2022-06-28T21:47:14+00:00","breadcrumb":{"@id":"https:\/\/nauka.fundacjasmart.pl\/en\/home\/#breadcrumb"},"inLanguage":"en-US","potentialAction":[{"@type":"ReadAction","target":["https:\/\/nauka.fundacjasmart.pl\/en\/home\/"]}]},{"@type":"BreadcrumbList","@id":"https:\/\/nauka.fundacjasmart.pl\/en\/home\/#breadcrumb","itemListElement":[{"@type":"ListItem","position":1,"name":"Strona g\u0142\u00f3wna","item":"https:\/\/nauka.fundacjasmart.pl\/en\/home\/"},{"@type":"ListItem","position":2,"name":"Home"}]},{"@type":"WebSite","@id":"https:\/\/nauka.fundacjasmart.pl\/#website","url":"https:\/\/nauka.fundacjasmart.pl\/","name":"Na nauk\u0119 nigdy za p\u00f3\u017ano","description":"Kolejna witryna sieci &#8222;Fundacja Smart&#8221;","potentialAction":[{"@type":"SearchAction","target":{"@type":"EntryPoint","urlTemplate":"https:\/\/nauka.fundacjasmart.pl\/?s={search_term_string}"},"query-input":{"@type":"PropertyValueSpecification","valueRequired":true,"valueName":"search_term_string"}}],"inLanguage":"en-US"}]}},"_links":{"self":[{"href":"https:\/\/nauka.fundacjasmart.pl\/en\/wp-json\/wp\/v2\/pages\/84","targetHints":{"allow":["GET"]}}],"collection":[{"href":"https:\/\/nauka.fundacjasmart.pl\/en\/wp-json\/wp\/v2\/pages"}],"about":[{"href":"https:\/\/nauka.fundacjasmart.pl\/en\/wp-json\/wp\/v2\/types\/page"}],"author":[{"embeddable":true,"href":"https:\/\/nauka.fundacjasmart.pl\/en\/wp-json\/wp\/v2\/users\/1"}],"replies":[{"embeddable":true,"href":"https:\/\/nauka.fundacjasmart.pl\/en\/wp-json\/wp\/v2\/comments?post=84"}],"version-history":[{"count":1,"href":"https:\/\/nauka.fundacjasmart.pl\/en\/wp-json\/wp\/v2\/pages\/84\/revisions"}],"predecessor-version":[{"id":88,"href":"https:\/\/nauka.fundacjasmart.pl\/en\/wp-json\/wp\/v2\/pages\/84\/revisions\/88"}],"wp:attachment":[{"href":"https:\/\/nauka.fundacjasmart.pl\/en\/wp-json\/wp\/v2\/media?parent=84"}],"curies":[{"name":"wp","href":"https:\/\/api.w.org\/{rel}","templated":true}]}}